{"id":739,"date":"2025-04-18T12:18:09","date_gmt":"2025-04-18T12:18:09","guid":{"rendered":"https:\/\/niedtalexpress.de\/?page_id=739"},"modified":"2025-04-19T09:58:48","modified_gmt":"2025-04-19T09:58:48","slug":"die-oestliche-ausfahrt","status":"publish","type":"page","link":"https:\/\/niedtalexpress.de\/?page_id=739","title":{"rendered":"Die \u00f6stliche Ausfahrt"},"content":{"rendered":"\n<p>Das Hemmersbach-Projekt startet mit der \u00f6stlichen Bahnhofsausfahrt in Richtung Siersburg und Dillingen (Saar), aufgeteilt auf zwei Segmente. Es handelt sich bei dem zum Auftakt ausgw\u00e4hlten Bauabschnitt um den nachfolgend durch den Kasten markierten Teil der Anlage.<\/p>\n\n\n\n<figure class=\"wp-block-image size-full is-style-default\"><img loading=\"lazy\" decoding=\"async\" width=\"1024\" height=\"281\" src=\"https:\/\/niedtalexpress.de\/wp-content\/uploads\/2025\/04\/20250418-SHEM-Ost-Markiert.jpg\" alt=\"\" class=\"wp-image-740\" srcset=\"https:\/\/niedtalexpress.de\/wp-content\/uploads\/2025\/04\/20250418-SHEM-Ost-Markiert.jpg 1024w, https:\/\/niedtalexpress.de\/wp-content\/uploads\/2025\/04\/20250418-SHEM-Ost-Markiert-300x82.jpg 300w, https:\/\/niedtalexpress.de\/wp-content\/uploads\/2025\/04\/20250418-SHEM-Ost-Markiert-768x211.jpg 768w\" sizes=\"(max-width: 1024px) 100vw, 1024px\" \/><\/figure>\n\n\n\n<p>Mit Gestaltungselementen k\u00f6nnte die Realisierung wie in der nachfolgenden Handskizze wiedergegeben aussehen:<\/p>\n\n\n\n<figure class=\"wp-block-image size-large is-style-default\"><img loading=\"lazy\" decoding=\"async\" width=\"1024\" height=\"390\" src=\"https:\/\/niedtalexpress.de\/wp-content\/uploads\/2025\/03\/20250304-SHEM_Ost-Einfahrt-edited-1024x390.jpeg\" alt=\"\" class=\"wp-image-730\" srcset=\"https:\/\/niedtalexpress.de\/wp-content\/uploads\/2025\/03\/20250304-SHEM_Ost-Einfahrt-edited-1024x390.jpeg 1024w, https:\/\/niedtalexpress.de\/wp-content\/uploads\/2025\/03\/20250304-SHEM_Ost-Einfahrt-edited-300x114.jpeg 300w, https:\/\/niedtalexpress.de\/wp-content\/uploads\/2025\/03\/20250304-SHEM_Ost-Einfahrt-edited-768x292.jpeg 768w, https:\/\/niedtalexpress.de\/wp-content\/uploads\/2025\/03\/20250304-SHEM_Ost-Einfahrt-edited-1536x585.jpeg 1536w, https:\/\/niedtalexpress.de\/wp-content\/uploads\/2025\/03\/20250304-SHEM_Ost-Einfahrt-edited-2048x780.jpeg 2048w, https:\/\/niedtalexpress.de\/wp-content\/uploads\/2025\/03\/20250304-SHEM_Ost-Einfahrt-edited-2000x761.jpeg 2000w\" sizes=\"(max-width: 1024px) 100vw, 1024px\" \/><\/figure>\n\n\n\n<p>Die Gestaltung der beiden Module soll sich am Vorbild orientieren, ohne dieses jedoch ganz exakt nachzubilden. Vielmehr muss auf einer im L\u00e4ngenma\u00dfstab ganz erheblich eingek\u00fcrzten Strecke eine Beschr\u00e4nkung auf charakteristische Merkmale vorgenommen werden. Der Vorbildabschnitt der auf den beiden Segmenten untergebrachten Ausfahrt in Richtung Siersburg liegt etwa von Streckenkilomenter 11,5 bis 11,9 &#8211; insgesamt also auf rund 400 Metern, was bei einer ma\u00dfstabsgetreuen Umsetzung bereits eine L\u00e4nge von 4,60 Metern erfordern w\u00fcrde. Tats\u00e4chlich zur Verf\u00fcgung steht allerdings nur circa die H\u00e4lfte dieses Ma\u00dfes.<\/p>\n\n\n\n<p>Als wesentliche Gestaltungselemente, die einen Wiedererkennungswert erzeugen, wurden einige besondere Umgebungsmerkmale ausgew\u00e4hlt. Markant sind die parallel zur Strecke verlaufende Stra\u00dfe &#8222;Auf Mees&#8220; mit ihrer freistehenden Wohnbebauung in H\u00f6he des Einfahrtsignals F ungef\u00e4hr bei Streckenkilometer 11,85 und der zusammenh\u00e4ngenden H\u00e4userreihe im Bereich der Einm\u00fcndung in die Lothringer Stra\u00dfe sowie das Br\u00fcckenbauwerk \u00fcber die Landstra\u00dfe 356, die Lothringer Stra\u00dfe mit seiner Lage etwa bei Kilometer 11,6.<\/p>\n\n\n\n<figure class=\"wp-block-image size-large is-style-default\"><img loading=\"lazy\" decoding=\"async\" width=\"1024\" height=\"577\" src=\"https:\/\/niedtalexpress.de\/wp-content\/uploads\/2025\/04\/20250418_12792_SHEM-ESig-F-1024x577.jpg\" alt=\"\" class=\"wp-image-741\" srcset=\"https:\/\/niedtalexpress.de\/wp-content\/uploads\/2025\/04\/20250418_12792_SHEM-ESig-F-1024x577.jpg 1024w, https:\/\/niedtalexpress.de\/wp-content\/uploads\/2025\/04\/20250418_12792_SHEM-ESig-F-300x169.jpg 300w, https:\/\/niedtalexpress.de\/wp-content\/uploads\/2025\/04\/20250418_12792_SHEM-ESig-F-768x433.jpg 768w, https:\/\/niedtalexpress.de\/wp-content\/uploads\/2025\/04\/20250418_12792_SHEM-ESig-F-1536x865.jpg 1536w, https:\/\/niedtalexpress.de\/wp-content\/uploads\/2025\/04\/20250418_12792_SHEM-ESig-F-2048x1154.jpg 2048w, https:\/\/niedtalexpress.de\/wp-content\/uploads\/2025\/04\/20250418_12792_SHEM-ESig-F-2000x1127.jpg 2000w\" sizes=\"(max-width: 1024px) 100vw, 1024px\" \/><figcaption class=\"wp-element-caption\">Die Vorbildsituation: am 18. April 2025 passiert der aus zwei Triebwagen der Baureihe 628\/928 gebildete Sonderzug 12792 nach Bouzonville aus Siersburg kommend das Einfahrtsignal F des Bahnhofs Hemmersdorf (Saar). In diesem Bereich endete auch das bis ca. 1987 noch vorhandene Ausziehgleis, das in Blickrichtung rechts des Streckengleises lag. Wie in den Vorjahren meint es das Wetter nicht allzu gut mit den Besuchern des traditionellen Marktes an Karfreitag in der Partnerstadt der Gemeinde Rehlingen-Siersburg, zu der Hemmerdorf geh\u00f6rt.<\/figcaption><\/figure>\n\n\n\n<figure class=\"wp-block-image size-large is-style-default\"><img loading=\"lazy\" decoding=\"async\" width=\"1024\" height=\"768\" src=\"https:\/\/niedtalexpress.de\/wp-content\/uploads\/2025\/04\/20250418_SHEM-Lothringer-Str-1024x768.jpg\" alt=\"\" class=\"wp-image-742\" srcset=\"https:\/\/niedtalexpress.de\/wp-content\/uploads\/2025\/04\/20250418_SHEM-Lothringer-Str-1024x768.jpg 1024w, https:\/\/niedtalexpress.de\/wp-content\/uploads\/2025\/04\/20250418_SHEM-Lothringer-Str-300x225.jpg 300w, https:\/\/niedtalexpress.de\/wp-content\/uploads\/2025\/04\/20250418_SHEM-Lothringer-Str-768x576.jpg 768w, https:\/\/niedtalexpress.de\/wp-content\/uploads\/2025\/04\/20250418_SHEM-Lothringer-Str-1536x1152.jpg 1536w, https:\/\/niedtalexpress.de\/wp-content\/uploads\/2025\/04\/20250418_SHEM-Lothringer-Str-2048x1536.jpg 2048w, https:\/\/niedtalexpress.de\/wp-content\/uploads\/2025\/04\/20250418_SHEM-Lothringer-Str-2000x1500.jpg 2000w\" sizes=\"(max-width: 1024px) 100vw, 1024px\" \/><figcaption class=\"wp-element-caption\">Kurz nachdem der Sonderzug das Einfahrtsignal passiert hat, \u00fcberquert er die Lothringer Stra\u00dfe auf diesem Br\u00fcckenbauwerk. Hier ist an den beiden Fahrbahnen noch erkennbar, dass neben dem Streckengleis ein zweites Gleis lag. <\/figcaption><\/figure>\n","protected":false},"excerpt":{"rendered":"<p>Das Hemmersbach-Projekt startet mit der \u00f6stlichen Bahnhofsausfahrt in Richtung Siersburg und Dillingen (Saar), aufgeteilt auf zwei Segmente. Es handelt sich bei dem zum Auftakt ausgw\u00e4hlten Bauabschnitt um den nachfolgend durch den Kasten markierten Teil der Anlage. Mit Gestaltungselementen k\u00f6nnte die Realisierung wie in der nachfolgenden Handskizze wiedergegeben aussehen: Die Gestaltung der beiden Module soll sich &hellip; <\/p>\n<p class=\"link-more\"><a href=\"https:\/\/niedtalexpress.de\/?page_id=739\" class=\"more-link\">Mehr <span class=\"screen-reader-text\">\u00fcber &#8222;Die \u00f6stliche Ausfahrt&#8220; <\/span>Lesen<\/a><\/p>\n","protected":false},"author":1,"featured_media":0,"parent":688,"menu_order":1,"comment_status":"closed","ping_status":"closed","template":"","meta":{"footnotes":""},"_links":{"self":[{"href":"https:\/\/niedtalexpress.de\/index.php?rest_route=\/wp\/v2\/pages\/739"}],"collection":[{"href":"https:\/\/niedtalexpress.de\/index.php?rest_route=\/wp\/v2\/pages"}],"about":[{"href":"https:\/\/niedtalexpress.de\/index.php?rest_route=\/wp\/v2\/types\/page"}],"author":[{"embeddable":true,"href":"https:\/\/niedtalexpress.de\/index.php?rest_route=\/wp\/v2\/users\/1"}],"replies":[{"embeddable":true,"href":"https:\/\/niedtalexpress.de\/index.php?rest_route=%2Fwp%2Fv2%2Fcomments&post=739"}],"version-history":[{"count":5,"href":"https:\/\/niedtalexpress.de\/index.php?rest_route=\/wp\/v2\/pages\/739\/revisions"}],"predecessor-version":[{"id":757,"href":"https:\/\/niedtalexpress.de\/index.php?rest_route=\/wp\/v2\/pages\/739\/revisions\/757"}],"up":[{"embeddable":true,"href":"https:\/\/niedtalexpress.de\/index.php?rest_route=\/wp\/v2\/pages\/688"}],"wp:attachment":[{"href":"https:\/\/niedtalexpress.de\/index.php?rest_route=%2Fwp%2Fv2%2Fmedia&parent=739"}],"curies":[{"name":"wp","href":"https:\/\/api.w.org\/{rel}","templated":true}]}}