{"id":181,"date":"2022-02-25T20:48:22","date_gmt":"2022-02-25T20:48:22","guid":{"rendered":"https:\/\/niedtalexpress.de\/?page_id=181"},"modified":"2022-04-21T16:16:09","modified_gmt":"2022-04-21T16:16:09","slug":"wirtschaftliche-vorteile-fuer-die-dillinger-huette","status":"publish","type":"page","link":"https:\/\/niedtalexpress.de\/?page_id=181","title":{"rendered":"Wirtschaftliche Vorteile f\u00fcr die Dillinger H\u00fctte"},"content":{"rendered":"\n<p>Das Interesse der <a href=\"https:\/\/de.wikipedia.org\/wiki\/Dillinger_H%C3%BCtte\" target=\"_blank\" rel=\"noreferrer noopener\">Dillinger H\u00fctte<\/a> als privatem Geldgeber bestand vor allem darin, eine schnelle Verbindung etwa zum Tochterunternehmen in Redingen (heute <a href=\"https:\/\/de.wikipedia.org\/wiki\/R%C3%A9dange\" target=\"_blank\" rel=\"noreferrer noopener\">Redange<\/a>), in der N\u00e4he von Diedenhofen (heute <a href=\"https:\/\/de.wikipedia.org\/wiki\/Thionville\" target=\"_blank\" rel=\"noreferrer noopener\">Thionville<\/a>) zu erhalten und Transportkosten in H\u00f6he von rund 40.000 Mark j\u00e4hrlich einsparen zu k\u00f6nnen. Ferner konnte \u00fcber die Bahnlinie die Versorgung der mit lothringischer Minette sichergestellt werden. Wegen des Aufschwungs der Stahlindustrie ab der zweiten H\u00e4lfte des 19. Jahrhunderts, war eine Deckung des Erzbedarfs allein aus heimischen Vorkommen nicht mehr m\u00f6glich. Bis dahin wurde Eisenerz auf dem Binnenschifffahrtsweg \u00fcber Lahn, Rhein, Mosel und Saar aus dem Lahnrevier angeliefert.<\/p>\n\n\n\n<div class=\"wp-block-group alignwide is-layout-flow wp-block-group-is-layout-flow\"><div class=\"wp-block-group__inner-container\">\n<div class=\"wp-block-image\"><figure class=\"aligncenter size-full is-resized\"><img loading=\"lazy\" decoding=\"async\" src=\"https:\/\/niedtalexpress.de\/wp-content\/uploads\/2022\/02\/Dillinger-Hu\u0308tte-Hochofen-4.png\" alt=\"\" class=\"wp-image-195\" width=\"840\" height=\"473\" srcset=\"https:\/\/niedtalexpress.de\/wp-content\/uploads\/2022\/02\/Dillinger-Hu\u0308tte-Hochofen-4.png 779w, https:\/\/niedtalexpress.de\/wp-content\/uploads\/2022\/02\/Dillinger-Hu\u0308tte-Hochofen-4-300x169.png 300w, https:\/\/niedtalexpress.de\/wp-content\/uploads\/2022\/02\/Dillinger-Hu\u0308tte-Hochofen-4-768x433.png 768w\" sizes=\"(max-width: 840px) 100vw, 840px\" \/><figcaption>Hochofen 4 der <a href=\"https:\/\/www.dillinger.de\/d\/de\/corporate\/dillinger\/gruppe\/index.shtml\" target=\"_blank\" rel=\"noreferrer noopener\">Dillinger H\u00fctte<\/a>, aufgenommen von der Saarlouiser Stra\u00dfe aus im Sommer 2020<\/figcaption><\/figure><\/div>\n<\/div><\/div>\n\n\n\n<p>Mit Einf\u00fchrung des <a href=\"https:\/\/de.wikipedia.org\/wiki\/Thomas-Verfahren\" target=\"_blank\" rel=\"noreferrer noopener\">Thomas-Verfahrens<\/a> wurde es m\u00f6glich, aus der phosphathaltigen <a href=\"https:\/\/de.wikipedia.org\/wiki\/Minette_(Erz)\" target=\"_blank\" rel=\"noreferrer noopener\">Minette<\/a> der Erzfelder im benachbarten Lothringen und Luxemburg Roheisen zu erzeugen. Gemeinsam mit den Gebr\u00fcdern Stumm aus Neunkirchen (Saar) hatte die Dillinger H\u00fctte ab 1876 gro\u00dfe Erzfelder bei Hussigny-Longwy in der Region um Redingen erworben. Die Dillinger H\u00fctte betrieb dort ab 1881 ein Hochofenwerk. Ferner konnten in entgegengesetzter Richtung fertige Erzeugnisse an Abnehmer sowie an die \u00dcberseeh\u00e4fen transportiert werden.Aufgrund dieser wirtschaftlichen Bedeutung f\u00fcr den Betrieb wurde von den staatlichen Stellen die Beteiligung der der Dillinger H\u00fctte mit einem wesentlichen Betrag zur Bedingung gemacht.<\/p>\n\n\n\n<figure class=\"wp-block-image size-large is-style-default\"><img loading=\"lazy\" decoding=\"async\" width=\"1024\" height=\"576\" src=\"https:\/\/niedtalexpress.de\/wp-content\/uploads\/2022\/04\/20200531-Dillinger-Huette-1024x576.jpg\" alt=\"\" class=\"wp-image-381\" srcset=\"https:\/\/niedtalexpress.de\/wp-content\/uploads\/2022\/04\/20200531-Dillinger-Huette-1024x576.jpg 1024w, https:\/\/niedtalexpress.de\/wp-content\/uploads\/2022\/04\/20200531-Dillinger-Huette-300x169.jpg 300w, https:\/\/niedtalexpress.de\/wp-content\/uploads\/2022\/04\/20200531-Dillinger-Huette-768x432.jpg 768w, https:\/\/niedtalexpress.de\/wp-content\/uploads\/2022\/04\/20200531-Dillinger-Huette-1536x864.jpg 1536w, https:\/\/niedtalexpress.de\/wp-content\/uploads\/2022\/04\/20200531-Dillinger-Huette-2048x1152.jpg 2048w, https:\/\/niedtalexpress.de\/wp-content\/uploads\/2022\/04\/20200531-Dillinger-Huette-2000x1125.jpg 2000w\" sizes=\"(max-width: 1024px) 100vw, 1024px\" \/><figcaption>Dillinger H\u00fctte im Mai 2020.<\/figcaption><\/figure>\n\n\n\n<p>Bereits am 1. April 1880 war die Eisenbahnverbindung von Diedenhofen (Thionville) \u00fcber Busendorf (<a href=\"https:\/\/de.wikipedia.org\/wiki\/Bouzonville\" data-type=\"URL\" data-id=\"https:\/\/de.wikipedia.org\/wiki\/Bouzonville\" target=\"_blank\" rel=\"noreferrer noopener\">Bouzonville<\/a>) und <a href=\"https:\/\/de.wikipedia.org\/wiki\/T%C3%A9terchen\" data-type=\"URL\" data-id=\"https:\/\/de.wikipedia.org\/wiki\/T%C3%A9terchen\" target=\"_blank\" rel=\"noreferrer noopener\">Teterchen<\/a> nach <a href=\"https:\/\/de.wikipedia.org\/wiki\/Bous_(Saar)\" data-type=\"URL\" data-id=\"https:\/\/de.wikipedia.org\/wiki\/Bous_(Saar)\" target=\"_blank\" rel=\"noreferrer noopener\">Bous (Saar)<\/a> hergestellt worden. Noch im selben Jahr war auch die Verbindung zwischen <a href=\"https:\/\/de.wikipedia.org\/wiki\/Wadgassen\" data-type=\"URL\" data-id=\"https:\/\/de.wikipedia.org\/wiki\/Wadgassen\" target=\"_blank\" rel=\"noreferrer noopener\">Wadgassen<\/a> und <a href=\"https:\/\/de.wikipedia.org\/wiki\/V%C3%B6lklingen\" data-type=\"URL\" data-id=\"https:\/\/de.wikipedia.org\/wiki\/V%C3%B6lklingen\" target=\"_blank\" rel=\"noreferrer noopener\">V\u00f6lklingen<\/a> in Betrieb genommen worden. Die Erzbahn zwischen Thionville und V\u00f6lklingen erlebte ein starkes Verkehrsaufkommen, auf das mit dem Ausbau der Bahnlinie reagiert wurde. Mit der Eisenbahnlinie durch das Niedtal stand eine Alternative Route zur Verf\u00fcgung.<\/p>\n","protected":false},"excerpt":{"rendered":"<p>Das Interesse der Dillinger H\u00fctte als privatem Geldgeber bestand vor allem darin, eine schnelle Verbindung etwa zum Tochterunternehmen in Redingen (heute Redange), in der N\u00e4he von Diedenhofen (heute Thionville) zu erhalten und Transportkosten in H\u00f6he von rund 40.000 Mark j\u00e4hrlich einsparen zu k\u00f6nnen. Ferner konnte \u00fcber die Bahnlinie die Versorgung der mit lothringischer Minette sichergestellt &hellip; <\/p>\n<p class=\"link-more\"><a href=\"https:\/\/niedtalexpress.de\/?page_id=181\" class=\"more-link\">Mehr <span class=\"screen-reader-text\">\u00fcber &#8222;Wirtschaftliche Vorteile f\u00fcr die Dillinger H\u00fctte&#8220; <\/span>Lesen<\/a><\/p>\n","protected":false},"author":1,"featured_media":0,"parent":0,"menu_order":0,"comment_status":"closed","ping_status":"closed","template":"","meta":{"footnotes":""},"_links":{"self":[{"href":"https:\/\/niedtalexpress.de\/index.php?rest_route=\/wp\/v2\/pages\/181"}],"collection":[{"href":"https:\/\/niedtalexpress.de\/index.php?rest_route=\/wp\/v2\/pages"}],"about":[{"href":"https:\/\/niedtalexpress.de\/index.php?rest_route=\/wp\/v2\/types\/page"}],"author":[{"embeddable":true,"href":"https:\/\/niedtalexpress.de\/index.php?rest_route=\/wp\/v2\/users\/1"}],"replies":[{"embeddable":true,"href":"https:\/\/niedtalexpress.de\/index.php?rest_route=%2Fwp%2Fv2%2Fcomments&post=181"}],"version-history":[{"count":7,"href":"https:\/\/niedtalexpress.de\/index.php?rest_route=\/wp\/v2\/pages\/181\/revisions"}],"predecessor-version":[{"id":382,"href":"https:\/\/niedtalexpress.de\/index.php?rest_route=\/wp\/v2\/pages\/181\/revisions\/382"}],"wp:attachment":[{"href":"https:\/\/niedtalexpress.de\/index.php?rest_route=%2Fwp%2Fv2%2Fmedia&parent=181"}],"curies":[{"name":"wp","href":"https:\/\/api.w.org\/{rel}","templated":true}]}}