{"id":156,"date":"2022-02-25T20:12:18","date_gmt":"2022-02-25T20:12:18","guid":{"rendered":"https:\/\/niedtalexpress.de\/?page_id=156"},"modified":"2025-04-18T12:46:33","modified_gmt":"2025-04-18T12:46:33","slug":"die-eisenbahnstrecke-im-niedtal","status":"publish","type":"page","link":"https:\/\/niedtalexpress.de\/","title":{"rendered":"Streckenbau"},"content":{"rendered":"\n<p>Im 19. Jahrhundert wurden Stimmen laut, die den Ausbau der Nied zur Schifffahrtsstra\u00dfe als Verbindung zwischen Saar und Obermosel forderten. Dieses Vorhaben h\u00e4tte jedoch Investitionen von mehr als 22 Millionen Mark erfordert. Es gelangte nicht zur Auf\u00fchrung. Die auf Anregung von Reichskanzler Otto von Bismarck eingesetzte Elsa\u00df-lothringische Kommission f\u00fcr den Bau von Lokaleisenbahnen schlug 1878 stattdessen die Errichtung einer Bahnlinie vor. Mit Kosten in H\u00f6he von rund 9,6 Millionen Mark war die Realisierung dieses Vorschlages konsensf\u00e4hig.<\/p>\n\n\n\n<figure class=\"wp-block-image size-large is-style-default\"><img loading=\"lazy\" decoding=\"async\" width=\"1024\" height=\"560\" src=\"https:\/\/niedtalexpress.de\/wp-content\/uploads\/2022\/08\/20220807-Topo-Niedtalbahn-1024x560.png\" alt=\"\" class=\"wp-image-453\" srcset=\"https:\/\/niedtalexpress.de\/wp-content\/uploads\/2022\/08\/20220807-Topo-Niedtalbahn-1024x560.png 1024w, https:\/\/niedtalexpress.de\/wp-content\/uploads\/2022\/08\/20220807-Topo-Niedtalbahn-300x164.png 300w, https:\/\/niedtalexpress.de\/wp-content\/uploads\/2022\/08\/20220807-Topo-Niedtalbahn-768x420.png 768w, https:\/\/niedtalexpress.de\/wp-content\/uploads\/2022\/08\/20220807-Topo-Niedtalbahn-1536x840.png 1536w, https:\/\/niedtalexpress.de\/wp-content\/uploads\/2022\/08\/20220807-Topo-Niedtalbahn.png 1611w\" sizes=\"(max-width: 1024px) 100vw, 1024px\" \/><figcaption class=\"wp-element-caption\">Verlauf der Niedtalbahn zwischen Bouzonville und Dillingen (Saar) aus <a rel=\"noreferrer noopener\" href=\"https:\/\/openrailwaymap.org\/?style=standard&amp;lat=49.32769523364177&amp;lon=6.629133224487305&amp;zoom=13\" data-type=\"URL\" data-id=\"https:\/\/openrailwaymap.org\/?style=standard&amp;lat=49.32769523364177&amp;lon=6.629133224487305&amp;zoom=13\" target=\"_blank\">OpenRailwayMap.org<\/a> (abgerufen am 7. August 2022).<\/figcaption><\/figure>\n\n\n\n<p>Das preu\u00dfische Parlament beschloss den Bau am 12. M\u00e4rz 1897. Die Bahnlinie wurde als zweigleisige Hauptbahn projektiert. Sie f\u00fchrte von Busendorf (heute Bouzonville) \u00fcber Filsdorf (heute Filstroff, Streckenkilometer 3,3), Gerstlingen (heute Guerstling, Streckenkilometer 7,5), Niedaltdorf (Streckenkilometer 8,7), Hemmersdorf (Streckenkilometer 10,9), Siersburg (fr\u00fcher: B\u00fcren-Itzbach, Streckenkilometer 15,3) nach Dillingen (Saar), wo sie nach 20,3 km endet (s. Kartenausschnitt oben). F\u00fcr diesen Streckenverlauf hatten sich die Gemeinden von Busendorf und Dillingen (Saar) stark gemacht. Die Gemeinde Dillingen (Saar) hatte f\u00fcr einen Zuschuss in H\u00f6he von 25.000 Mark den Zuschlag als Endpunkt der Strecke erhalten. Von den Baukosten trug der preu\u00dfische Staat 8.991.000 Mark, Elsa\u00df-Lothringen 337.500 Mark, der Kreis Saarlouis 224.000 Mark sowie die Dillinger H\u00fctte 100.000 Mark. Von anderen Kostentr\u00e4gern wurden 11.500 Mark aufgebracht.<\/p>\n\n\n\n<figure class=\"wp-block-image size-large is-style-default\"><img loading=\"lazy\" decoding=\"async\" width=\"1024\" height=\"576\" src=\"https:\/\/niedtalexpress.de\/wp-content\/uploads\/2022\/04\/20220415-12785-33-1024x576.jpg\" alt=\"\" class=\"wp-image-331\" srcset=\"https:\/\/niedtalexpress.de\/wp-content\/uploads\/2022\/04\/20220415-12785-33-1024x576.jpg 1024w, https:\/\/niedtalexpress.de\/wp-content\/uploads\/2022\/04\/20220415-12785-33-300x169.jpg 300w, https:\/\/niedtalexpress.de\/wp-content\/uploads\/2022\/04\/20220415-12785-33-768x432.jpg 768w, https:\/\/niedtalexpress.de\/wp-content\/uploads\/2022\/04\/20220415-12785-33-1536x864.jpg 1536w, https:\/\/niedtalexpress.de\/wp-content\/uploads\/2022\/04\/20220415-12785-33-2048x1152.jpg 2048w, https:\/\/niedtalexpress.de\/wp-content\/uploads\/2022\/04\/20220415-12785-33-2000x1125.jpg 2000w\" sizes=\"(max-width: 1024px) 100vw, 1024px\" \/><figcaption class=\"wp-element-caption\">Sonderzug 12785 passiert den ehemaligen Bahnhof Filstroff am 15. April 2022.<\/figcaption><\/figure>\n\n\n\n<p>Die von April 1899 an von den Reichseisenbahnen in Elsa\u00df-Lothringen erbaute zweigleisige Strecke wurde am 1. Juli 1901 in Betrieb genommen. Ein eingleisiger Weiterbau, der einen durchgehenden Zugverkehr zwischen Dillingen (Saar) und Metz erm\u00f6glichte, wurde 1908 er\u00f6ffnet. Von Bouzonville wird die Strecke durch den 215 Meter langen Bouzonviller Tunnel und den 212 Meter langen Borny-Tunnel durch das Niedtal gef\u00fchrt. <\/p>\n\n\n\n<figure class=\"wp-block-image size-large is-style-default\"><img loading=\"lazy\" decoding=\"async\" width=\"1024\" height=\"577\" src=\"https:\/\/niedtalexpress.de\/wp-content\/uploads\/2022\/04\/20220415-12786-78-1024x577.jpg\" alt=\"\" class=\"wp-image-323\" srcset=\"https:\/\/niedtalexpress.de\/wp-content\/uploads\/2022\/04\/20220415-12786-78-1024x577.jpg 1024w, https:\/\/niedtalexpress.de\/wp-content\/uploads\/2022\/04\/20220415-12786-78-300x169.jpg 300w, https:\/\/niedtalexpress.de\/wp-content\/uploads\/2022\/04\/20220415-12786-78-768x433.jpg 768w, https:\/\/niedtalexpress.de\/wp-content\/uploads\/2022\/04\/20220415-12786-78-1536x865.jpg 1536w, https:\/\/niedtalexpress.de\/wp-content\/uploads\/2022\/04\/20220415-12786-78-2048x1154.jpg 2048w, https:\/\/niedtalexpress.de\/wp-content\/uploads\/2022\/04\/20220415-12786-78-2000x1127.jpg 2000w\" sizes=\"(max-width: 1024px) 100vw, 1024px\" \/><figcaption class=\"wp-element-caption\">Nach einer coronabedingten Pause f\u00e4hrt der Sonderzug anl\u00e4sslich des Karfreitagsmarktes in Bouzonville am 15. April 2022 wieder durch das Niedtal. Der erste Sonderzug des Tages mit der Nummer 12786 bef\u00e4hrt den seit dem Fahrplanwechsel 2013 nicht mehr regelm\u00e4\u00dfig befahrenen Abschnitt kurz vor der franz\u00f6sischen Grenze.<\/figcaption><\/figure>\n\n\n\n<figure class=\"wp-block-image size-large is-style-default\"><img loading=\"lazy\" decoding=\"async\" width=\"1024\" height=\"577\" src=\"https:\/\/niedtalexpress.de\/wp-content\/uploads\/2025\/04\/20250418_12787_Gerstlingen-1024x577.jpg\" alt=\"\" class=\"wp-image-749\" srcset=\"https:\/\/niedtalexpress.de\/wp-content\/uploads\/2025\/04\/20250418_12787_Gerstlingen-1024x577.jpg 1024w, https:\/\/niedtalexpress.de\/wp-content\/uploads\/2025\/04\/20250418_12787_Gerstlingen-300x169.jpg 300w, https:\/\/niedtalexpress.de\/wp-content\/uploads\/2025\/04\/20250418_12787_Gerstlingen-768x433.jpg 768w, https:\/\/niedtalexpress.de\/wp-content\/uploads\/2025\/04\/20250418_12787_Gerstlingen-1536x865.jpg 1536w, https:\/\/niedtalexpress.de\/wp-content\/uploads\/2025\/04\/20250418_12787_Gerstlingen-2048x1154.jpg 2048w, https:\/\/niedtalexpress.de\/wp-content\/uploads\/2025\/04\/20250418_12787_Gerstlingen-2000x1127.jpg 2000w\" sizes=\"(max-width: 1024px) 100vw, 1024px\" \/><figcaption class=\"wp-element-caption\">Auch am 18. April 2025 ist der Karfreitag-Sonderzug auf der Strecke unterwegs. Sonderzug 12787 passiert die gro\u00dfe St\u00fctzmauer zwischen Niedaltdorf und Guerstlingen. In wenigen Augenblicken werden die beiden Triebwagen den Ihner Bach \u00fcberqueren und am Bahnsteig von Niedaltdorf einen ersten Zwischenhalt auf dem Weg nach Saarlouis einlegen.<\/figcaption><\/figure>\n\n\n\n<p>Sie quert in Niedaltdorf den Ihner Bach auf einer Stahlbr\u00fccke und erreicht den nach der R\u00fcckgliederung des Saargebietes in das Deutsche Reich am 1. M\u00e4rz 1935 durch die Deutsche Reichsbahn eingerichteten Haltepunkt. Dieser ist betrieblich ein Bahnhofsteil des Bahnhofs Hemmersdorf, der nach Durchfahren des nach dem II. Weltkrieg aufgeschlitzten Niedaltdorfer Tunnels und Vorbeifahrt an der Wackenm\u00fchle mit dem Empfangsgeb\u00e4ude auf der linken Seite und langer Milit\u00e4rrampe an der rechten Seite passiert wird.<\/p>\n\n\n\n<figure class=\"wp-block-image size-large is-style-default\"><img loading=\"lazy\" decoding=\"async\" width=\"1024\" height=\"768\" src=\"https:\/\/niedtalexpress.de\/wp-content\/uploads\/2022\/04\/20220421_SHEM-ASig-1024x768.jpg\" alt=\"\" class=\"wp-image-372\" srcset=\"https:\/\/niedtalexpress.de\/wp-content\/uploads\/2022\/04\/20220421_SHEM-ASig-1024x768.jpg 1024w, https:\/\/niedtalexpress.de\/wp-content\/uploads\/2022\/04\/20220421_SHEM-ASig-300x225.jpg 300w, https:\/\/niedtalexpress.de\/wp-content\/uploads\/2022\/04\/20220421_SHEM-ASig-768x576.jpg 768w, https:\/\/niedtalexpress.de\/wp-content\/uploads\/2022\/04\/20220421_SHEM-ASig-1536x1152.jpg 1536w, https:\/\/niedtalexpress.de\/wp-content\/uploads\/2022\/04\/20220421_SHEM-ASig-2048x1536.jpg 2048w, https:\/\/niedtalexpress.de\/wp-content\/uploads\/2022\/04\/20220421_SHEM-ASig-2000x1500.jpg 2000w\" sizes=\"(max-width: 1024px) 100vw, 1024px\" \/><figcaption class=\"wp-element-caption\">Der &#8222;Niedtalexpress&#8220; verl\u00e4sst an einem sonnigen April-Morgen 2022 Hemmersdorf in Richtung Siersburg.<\/figcaption><\/figure>\n\n\n\n<p>Entlang der Nied f\u00fchrt die Strecke nun nach Siersburg, wo sie das Niedtal verl\u00e4sst und nach Querung der Hauptstra\u00dfe in den Bahnhof m\u00fcndet, von dem heute lediglich das durchgehende Gleis vorhanden ist. Sodann verl\u00e4uft die Strecke in einem Einschnitt eines Ausl\u00e4ufers des Hoesberges unter der Hardtbr\u00fccke \u2013 einer Steinbogenbr\u00fccke \u2013 hindurch am ehemaligen Jagdschloss \u201eHe\u00dfm\u00fchle\u201c vorbei auf einen Damm. Nachdem die Strecke die Saar und die Saarstrecke \u00fcberquert hat, verl\u00e4sst sie den Bahndamm und m\u00fcndet in den Bahnhof Dillingen (Saar).<\/p>\n\n\n\n<p>Lesen Sie mehr in den Kapiteln<\/p>\n\n\n\n<ul>\n<li><a href=\"https:\/\/niedtalexpress.de\/?page_id=181\">Wirtschaftliche Vorteile f\u00fcr die Dillinger H\u00fctte<\/a><\/li>\n\n\n\n<li><a href=\"https:\/\/niedtalexpress.de\/?page_id=182\">Politische Motivation des Streckenbaus<\/a><\/li>\n\n\n\n<li><a href=\"https:\/\/niedtalexpress.de\/?page_id=183\">Anlage der Strecke und der Bahnh\u00f6fe<\/a><\/li>\n\n\n\n<li><a href=\"https:\/\/niedtalexpress.de\/?page_id=184\">Empfangsgeb\u00e4ude, Stellwerke und W\u00e4rterh\u00e4user<\/a><\/li>\n\n\n\n<li><a href=\"https:\/\/niedtalexpress.de\/?page_id=256\">Gro\u00dfe Br\u00fcckenbauwerke<\/a><\/li>\n<\/ul>\n\n\n\n<p><\/p>\n\n\n\n<h2 class=\"wp-block-heading\">Quellen<\/h2>\n\n\n\n<p>Die Ausf\u00fchrungen und Darlegungen auf dieser Website entstammen den nachfolgend aufgef\u00fchrten Quellen:<\/p>\n\n\n\n<ul>\n<li><a rel=\"noreferrer noopener\" href=\"http:\/\/www.memotransfront.uni-saarland.de\/dillingen_metz.shtml\" target=\"_blank\">Gerhild Krebs, Eisenbahnlinie Dillingen &#8211; Bouzonville &#8211; Metz (zuletzt abgerufen am 28. Februar 2022)<\/a><\/li>\n\n\n\n<li><a rel=\"noreferrer noopener\" href=\"http:\/\/www.memotransfront.uni-saarland.de\/pdf\/eisenbahnnetz.pdf\" target=\"_blank\">Karin Maa\u00df, Eisenbahnnetz und Bahnhofsbau im Reichsland Elsa\u00df-Lothringen (zuletzt abgerufen am 28. Februar 2022)<\/a><\/li>\n\n\n\n<li><a rel=\"noreferrer noopener\" href=\"http:\/\/www.zeno.org\/Roell-1912\/A\/Elsa%C3%9F-Lothringische+Eisenbahnen\" target=\"_blank\">Viktor Freiherr von R\u00f6ll, Enzyklop\u00e4die des Eisenbahnwesens, Elsa\u00df-Lothringische Eisenbahnen (zuletzt aufgerufen am 28. Februar 2022)<\/a><\/li>\n\n\n\n<li>Karl-Heinz Becker\/Hermann Pacem, 100 Jahre Niedtalbahn, Eigenverlag, 2001<\/li>\n\n\n\n<li>Dieter Lorig\/Franz-Josef Weisgerber, Die Eisenbahnen im Landkreis Saarlouis, Erfurt, 2016<\/li>\n\n\n\n<li><a rel=\"noreferrer noopener\" href=\"https:\/\/saarland.vcd.org\/fileadmin\/user_upload\/Saarland\/Themen\/Niedtalbahn\/Bachelorarbeit___KNA_Niedtalbahn___-_Julian_Leyes__2021.pdf\" target=\"_blank\">Leyes, Julian, Wiederaufnahme eines grenz\u00fcberschreitenden Schienenverkehrs \u00fcber die Niedtalbahn, Bachelorthesis, Hochschule Kaiserslautern, 2021, via VCD Landesverband Saarland (zuletzt abgerufen am 9. August 2022)<\/a><\/li>\n\n\n\n<li><a rel=\"noreferrer noopener\" href=\"https:\/\/ubt.opus.hbz-nrw.de\/opus45-ubtr\/frontdoor\/deliver\/index\/docId\/636\/file\/RiedWerner_20140520.pdf\" target=\"_blank\">Ried, Werner Matthias, Infrastruktur und Entwicklungspotenzial der Eisenbahn im SaarLorLux-Raum, Dissertation, Universit\u00e4t Trier, 2014, via Hochschulbibliothekszentrum des Landes Nordrhein-Westfalen (zuletzt abgerufen am 9. August 2022)<\/a> <\/li>\n\n\n\n<li><a rel=\"noreferrer noopener\" href=\"http:\/\/www.klawitter.info\/bahn\/687\/index.htm\" target=\"_blank\">J\u00f6rg Klawitter, Die Niedtalstrecke Dillingen &#8211; Bouzonville im Wandel der Zeit &#8211; Fotogalerie (zuletzt abgerufen am 28. Februar 2022)<\/a><\/li>\n\n\n\n<li><a href=\"http:\/\/www.klauserbeck.de\/Kilometrierung\/Tabelle12\/BouzonvilleDillingen\/BouzonvilleDillingen.htm\" target=\"_blank\" rel=\"noreferrer noopener\">Klaus Erbeck, Eisenbahnstrecken in Deutschland (zuletzt aufgerufen am 17. Dezember 2022)<\/a><\/li>\n\n\n\n<li><a rel=\"noreferrer noopener\" href=\"https:\/\/de.wikipedia.org\/wiki\/Niedtalbahn\" target=\"_blank\">Wikipedia &#8222;Niedtalbahn&#8220; (zuletzt abgerufen am 28. Februar 2022)<\/a><\/li>\n\n\n\n<li><a rel=\"noreferrer noopener\" href=\"https:\/\/openrailwaymap.org\/?style=standard&amp;lat=49.32937336288432&amp;lon=6.602182388305664&amp;zoom=13\" data-type=\"URL\" data-id=\"https:\/\/openrailwaymap.org\/?style=standard&amp;lat=49.32937336288432&amp;lon=6.602182388305664&amp;zoom=13\" target=\"_blank\">OpenRailwayMap (zuletzt abgerufen am 7. August 2022)<\/a><\/li>\n\n\n\n<li><a rel=\"noreferrer noopener\" href=\"https:\/\/www.0-gleich-dampflok.de\/fotogalerie-db\/im-norden-und-sueden-des-hunsrueck\/\" target=\"_blank\">Ulrich Streiter, <\/a><a href=\"https:\/\/www.0-gleich-dampflok.de\/fotogalerie-db\/im-norden-und-sueden-des-hunsrueck\/\" target=\"_blank\" rel=\"noreferrer noopener\">0<\/a><a rel=\"noreferrer noopener\" href=\"https:\/\/www.0-gleich-dampflok.de\/fotogalerie-db\/im-norden-und-sueden-des-hunsrueck\/\" target=\"_blank\">-gleich-Dampflok.de, Im Norden und S\u00fcden des Hunsr\u00fcck (zuletzt abgerufen am 31. Oktober 2023)<\/a><\/li>\n<\/ul>\n\n\n\n<p>Dar\u00fcber hinaus werden im Einzelfall weitere Bez\u00fcge durch Verlinkung direkt hergestellt. Dies geschieht insbesondere dort, wo f\u00fcr das Verst\u00e4ndnis der Leserinnen und Leser hilfreiche weitere Informationen zu den geschilderten Gegenst\u00e4nden unabh\u00e4ngig von der Zuordnung zur Streckengeschichte aufgefunden werden k\u00f6nnen.<\/p>\n\n\n\n<h2 class=\"wp-block-heading\">Eisenbahnromantik &#8211; Die Niedtalbahn multimedial<\/h2>\n\n\n\n<p>Der S\u00fcdwestrundfunk widmete der Niedtalbahn die Folge 992 seines Formats &#8222;Eisenbahnromantik&#8220;, die erstmals am 3. April 2020 unter dem Titel &#8222;Endstation franz\u00f6sische Grenze &#8211; Die Niedtalbahn&#8220; gezeigt wurde und \u00fcber die Mediathek der \u00f6ffentlich-rechtlichen Rundfunkanstalt abgerufen werden kann.<\/p>\n","protected":false},"excerpt":{"rendered":"<p>Im 19. Jahrhundert wurden Stimmen laut, die den Ausbau der Nied zur Schifffahrtsstra\u00dfe als Verbindung zwischen Saar und Obermosel forderten. Dieses Vorhaben h\u00e4tte jedoch Investitionen von mehr als 22 Millionen Mark erfordert. Es gelangte nicht zur Auf\u00fchrung. Die auf Anregung von Reichskanzler Otto von Bismarck eingesetzte Elsa\u00df-lothringische Kommission f\u00fcr den Bau von Lokaleisenbahnen schlug 1878 &hellip; <\/p>\n<p class=\"link-more\"><a href=\"https:\/\/niedtalexpress.de\/\" class=\"more-link\">Mehr <span class=\"screen-reader-text\">\u00fcber &#8222;Streckenbau&#8220; <\/span>Lesen<\/a><\/p>\n","protected":false},"author":1,"featured_media":0,"parent":0,"menu_order":0,"comment_status":"closed","ping_status":"closed","template":"","meta":{"footnotes":""},"_links":{"self":[{"href":"https:\/\/niedtalexpress.de\/index.php?rest_route=\/wp\/v2\/pages\/156"}],"collection":[{"href":"https:\/\/niedtalexpress.de\/index.php?rest_route=\/wp\/v2\/pages"}],"about":[{"href":"https:\/\/niedtalexpress.de\/index.php?rest_route=\/wp\/v2\/types\/page"}],"author":[{"embeddable":true,"href":"https:\/\/niedtalexpress.de\/index.php?rest_route=\/wp\/v2\/users\/1"}],"replies":[{"embeddable":true,"href":"https:\/\/niedtalexpress.de\/index.php?rest_route=%2Fwp%2Fv2%2Fcomments&post=156"}],"version-history":[{"count":27,"href":"https:\/\/niedtalexpress.de\/index.php?rest_route=\/wp\/v2\/pages\/156\/revisions"}],"predecessor-version":[{"id":751,"href":"https:\/\/niedtalexpress.de\/index.php?rest_route=\/wp\/v2\/pages\/156\/revisions\/751"}],"wp:attachment":[{"href":"https:\/\/niedtalexpress.de\/index.php?rest_route=%2Fwp%2Fv2%2Fmedia&parent=156"}],"curies":[{"name":"wp","href":"https:\/\/api.w.org\/{rel}","templated":true}]}}